{"id":126,"date":"2025-10-06T13:06:59","date_gmt":"2025-10-06T13:06:59","guid":{"rendered":"https:\/\/emergencias123.com.py\/?page_id=126"},"modified":"2025-10-16T16:35:09","modified_gmt":"2025-10-16T16:35:09","slug":"quienes-somos","status":"publish","type":"page","link":"https:\/\/emergencias123.com.py\/?page_id=126","title":{"rendered":"Quienes Somos"},"content":{"rendered":"\n<div class=\"wp-block-group alignfull has-background is-layout-flow wp-block-group-is-layout-flow\" style=\"background-color:#f5eac1;padding-top:6vw;padding-right:6vw;padding-bottom:6vw;padding-left:6vw\">\n<div class=\"wp-block-group is-vertical is-nowrap is-layout-flex wp-container-core-group-is-layout-36fd9ea3 wp-block-group-is-layout-flex\" style=\"padding-right:0;padding-left:0\">\n<p><\/p>\n\n\n\n<blockquote class=\"wp-block-quote is-layout-flow wp-block-quote-is-layout-flow\">\n<p class=\"has-text-color\" style=\"color:#000000;font-size:6vw;font-style:normal;font-weight:700;letter-spacing:0px;line-height:0.9;text-decoration:none;text-transform:none\"><sup><sub>Quienes Somos<\/sub><\/sup><\/p>\n<\/blockquote>\n<\/div>\n\n\n\n<div style=\"height:1vw\" aria-hidden=\"true\" class=\"wp-block-spacer\"><\/div>\n\n\n\n<div class=\"wp-block-group alignwide is-vertical is-nowrap is-layout-flex wp-container-core-group-is-layout-7946b6b8 wp-block-group-is-layout-flex\" style=\"padding-top:0;padding-right:0;padding-bottom:0;padding-left:0\">\n<div class=\"wp-block-columns alignwide is-layout-flex wp-container-core-columns-is-layout-21b20327 wp-block-columns-is-layout-flex\">\n<div class=\"wp-block-column is-layout-flow wp-block-column-is-layout-flow\" style=\"flex-basis:33.38%\">\n<p class=\"has-text-color\" style=\"color:#000000;font-size:17px\"><strong>Emergencias123 <\/strong> EAS, empresa que brinda servicios de coberturas medicas. Bajo la diligencia del TEM Blas Franco en sus inicios.<br>Desde entonces nos hemos dedicado a la especializaci\u00f3n para brindar asistencias en urgencias y emergencias con calidad y calidez<\/p>\n\n\n\n<p class=\"has-text-color\" style=\"color:#000000;font-size:17px\">Con m\u00e1s de dos d\u00e9cadas de experiencia, hemos construido una s\u00f3lida reputaci\u00f3n basada en la eficiencia y el compromiso con nuestros clientes. A lo largo de nuestra trayectoria, hemos servido con distinci\u00f3n a una amplia gama de <strong>entes estatales y empresas privadas<\/strong>, estableciendo alianzas estrat\u00e9gicas que nos permiten llegar a m\u00e1s personas y lugares.<\/p>\n\n\n\n<div class=\"wp-block-buttons is-layout-flex wp-block-buttons-is-layout-flex\">\n<div class=\"wp-block-button\"><a class=\"wp-block-button__link wp-element-button\">SABER MAS&#8230;<\/a><\/div>\n<\/div>\n<\/div>\n\n\n\n<div class=\"wp-block-column is-layout-flow wp-block-column-is-layout-flow\" style=\"flex-basis:33%\">\n<div style=\"height:2vw\" aria-hidden=\"true\" class=\"wp-block-spacer\"><\/div>\n\n\n\n<figure class=\"wp-block-image size-large\"><img fetchpriority=\"high\" decoding=\"async\" width=\"1024\" height=\"771\" src=\"https:\/\/emergencias123.com.py\/wp-content\/uploads\/2025\/10\/WhatsApp-Image-2025-09-02-at-5.39.07-PM-1-1024x771.jpeg\" alt=\"\" class=\"wp-image-61\" srcset=\"https:\/\/emergencias123.com.py\/wp-content\/uploads\/2025\/10\/WhatsApp-Image-2025-09-02-at-5.39.07-PM-1-1024x771.jpeg 1024w, https:\/\/emergencias123.com.py\/wp-content\/uploads\/2025\/10\/WhatsApp-Image-2025-09-02-at-5.39.07-PM-1-300x226.jpeg 300w, https:\/\/emergencias123.com.py\/wp-content\/uploads\/2025\/10\/WhatsApp-Image-2025-09-02-at-5.39.07-PM-1-768x578.jpeg 768w, https:\/\/emergencias123.com.py\/wp-content\/uploads\/2025\/10\/WhatsApp-Image-2025-09-02-at-5.39.07-PM-1-1536x1157.jpeg 1536w, https:\/\/emergencias123.com.py\/wp-content\/uploads\/2025\/10\/WhatsApp-Image-2025-09-02-at-5.39.07-PM-1-2048x1542.jpeg 2048w\" sizes=\"(max-width: 1024px) 100vw, 1024px\" \/><\/figure>\n<\/div>\n\n\n\n<div class=\"wp-block-column is-layout-flow wp-block-column-is-layout-flow\" style=\"flex-basis:33.62%\">\n<figure class=\"wp-block-image size-large\"><img decoding=\"async\" width=\"584\" height=\"1024\" src=\"https:\/\/emergencias123.com.py\/wp-content\/uploads\/2025\/10\/logoPM-1-584x1024.png\" alt=\"\" class=\"wp-image-73\" srcset=\"https:\/\/emergencias123.com.py\/wp-content\/uploads\/2025\/10\/logoPM-1-584x1024.png 584w, https:\/\/emergencias123.com.py\/wp-content\/uploads\/2025\/10\/logoPM-1-171x300.png 171w, https:\/\/emergencias123.com.py\/wp-content\/uploads\/2025\/10\/logoPM-1-768x1346.png 768w, https:\/\/emergencias123.com.py\/wp-content\/uploads\/2025\/10\/logoPM-1-876x1536.png 876w, https:\/\/emergencias123.com.py\/wp-content\/uploads\/2025\/10\/logoPM-1.png 913w\" sizes=\"(max-width: 584px) 100vw, 584px\" \/><\/figure>\n<\/div>\n<\/div>\n\n\n\n<div class=\"wp-block-columns alignwide is-layout-flex wp-container-core-columns-is-layout-c24efe4f wp-block-columns-is-layout-flex\">\n<div class=\"wp-block-column is-layout-flow wp-block-column-is-layout-flow\" style=\"flex-basis:69%\">\n<figure class=\"wp-block-image size-large is-resized is-style-rounded\"><img decoding=\"async\" width=\"818\" height=\"1024\" src=\"https:\/\/emergencias123.com.py\/wp-content\/uploads\/2025\/10\/WhatsApp-Image-2025-09-19-at-12.16.17-PM-818x1024.jpeg\" alt=\"\" class=\"wp-image-45\" style=\"width:716px;height:auto\" srcset=\"https:\/\/emergencias123.com.py\/wp-content\/uploads\/2025\/10\/WhatsApp-Image-2025-09-19-at-12.16.17-PM-818x1024.jpeg 818w, https:\/\/emergencias123.com.py\/wp-content\/uploads\/2025\/10\/WhatsApp-Image-2025-09-19-at-12.16.17-PM-240x300.jpeg 240w, https:\/\/emergencias123.com.py\/wp-content\/uploads\/2025\/10\/WhatsApp-Image-2025-09-19-at-12.16.17-PM-768x962.jpeg 768w, https:\/\/emergencias123.com.py\/wp-content\/uploads\/2025\/10\/WhatsApp-Image-2025-09-19-at-12.16.17-PM.jpeg 828w\" sizes=\"(max-width: 818px) 100vw, 818px\" \/><\/figure>\n<\/div>\n\n\n\n<div class=\"wp-block-column is-vertically-aligned-center is-layout-flow wp-block-column-is-layout-flow\" style=\"flex-basis:33%\">\n<div style=\"height:2vw\" aria-hidden=\"true\" class=\"wp-block-spacer\"><\/div>\n\n\n\n<pre class=\"wp-block-verse has-text-color\" style=\"color:#000000;font-size:17px\"><br>Todos nuestros m\u00f3viles se encuentran equipados seg\u00fan las reglamentaciones dictadas por las entidades que regulan las funciones prehospitalar.<br>Los mismos son utilizados por un equipo de profesionales capacitados y comprometidos con Emergencias 123 Prehospitalar.<\/pre>\n<\/div>\n<\/div>\n<\/div>\n<\/div>\n\n\n\n<div class=\"wp-block-group alignfull is-content-justification-center is-layout-constrained wp-block-group-is-layout-constrained\" style=\"margin-top:0;margin-bottom:0\">\n<div style=\"height:var(--wp--preset--spacing--20)\" aria-hidden=\"true\" class=\"wp-block-spacer\"><\/div>\n\n\n\n<div class=\"wp-block-group alignwide is-layout-flow wp-block-group-is-layout-flow\">\n<div class=\"wp-block-columns alignwide are-vertically-aligned-top is-layout-flex wp-container-core-columns-is-layout-5c8fb865 wp-block-columns-is-layout-flex\">\n<div class=\"wp-block-column is-vertically-aligned-top is-content-justification-left is-layout-constrained wp-container-core-column-is-layout-95996b15 wp-block-column-is-layout-constrained\">\n<h2 class=\"wp-block-heading\">Nuestra Vision.<\/h2>\n<\/div>\n\n\n\n<div class=\"wp-block-column is-vertically-aligned-top is-layout-flow wp-block-column-is-layout-flow\" style=\"flex-basis:40%\">\n<p>Brindar servicios atraves de coberturas de salud que mejoren el bienestar de la comunidad atendiendo a las necesidades de la sociedad, ser l\u00edderes en la atenci\u00f3n m\u00e9dica de emergencias, brindando servicios de ambulancia y coberturas de salud.<\/p>\n\n\n\n<hr class=\"wp-block-separator has-alpha-channel-opacity\"\/>\n\n\n\n<div class=\"wp-block-buttons is-layout-flex wp-block-buttons-is-layout-flex\">\n<div class=\"wp-block-button\"><a class=\"wp-block-button__link wp-element-button\">MISI\u00d3N<\/a><\/div>\n<\/div>\n<\/div>\n<\/div>\n\n\n\n<div style=\"height:var(--wp--preset--spacing--20)\" aria-hidden=\"true\" class=\"wp-block-spacer\"><\/div>\n\n\n\n<figure class=\"wp-block-image size-large\"><img loading=\"lazy\" decoding=\"async\" width=\"1024\" height=\"576\" src=\"https:\/\/emergencias123.com.py\/wp-content\/uploads\/2025\/10\/WhatsApp-Image-2025-09-19-at-12.16.32-PM-1024x576.jpeg\" alt=\"\" class=\"wp-image-50\" style=\"aspect-ratio:16\/9;object-fit:cover\" srcset=\"https:\/\/emergencias123.com.py\/wp-content\/uploads\/2025\/10\/WhatsApp-Image-2025-09-19-at-12.16.32-PM-1024x576.jpeg 1024w, https:\/\/emergencias123.com.py\/wp-content\/uploads\/2025\/10\/WhatsApp-Image-2025-09-19-at-12.16.32-PM-300x169.jpeg 300w, https:\/\/emergencias123.com.py\/wp-content\/uploads\/2025\/10\/WhatsApp-Image-2025-09-19-at-12.16.32-PM-768x432.jpeg 768w, https:\/\/emergencias123.com.py\/wp-content\/uploads\/2025\/10\/WhatsApp-Image-2025-09-19-at-12.16.32-PM-1536x864.jpeg 1536w, https:\/\/emergencias123.com.py\/wp-content\/uploads\/2025\/10\/WhatsApp-Image-2025-09-19-at-12.16.32-PM-2048x1152.jpeg 2048w\" sizes=\"(max-width: 1024px) 100vw, 1024px\" \/><\/figure>\n<\/div>\n\n\n\n<div style=\"height:var(--wp--preset--spacing--20)\" aria-hidden=\"true\" class=\"wp-block-spacer\"><\/div>\n<\/div>\n\n\n\n<p><\/p>\n","protected":false},"excerpt":{"rendered":"<p>Quienes Somos Emergencias123 EAS, empresa que brinda servicios de coberturas medicas. Bajo la diligencia del TEM Blas Franco en sus inicios.Desde entonces nos hemos dedicado a la especializaci\u00f3n para brindar asistencias en urgencias y emergencias con calidad y calidez Con m\u00e1s de dos d\u00e9cadas de experiencia, hemos construido una s\u00f3lida reputaci\u00f3n basada en la eficiencia [&hellip;]<\/p>\n","protected":false},"author":1,"featured_media":0,"parent":0,"menu_order":0,"comment_status":"closed","ping_status":"closed","template":"","meta":{"footnotes":""},"class_list":["post-126","page","type-page","status-publish","hentry"],"yoast_head":"<!-- This site is optimized with the Yoast SEO plugin v26.0 - https:\/\/yoast.com\/wordpress\/plugins\/seo\/ -->\n<title>Quienes Somos - Emergencias 123<\/title>\n<meta name=\"robots\" content=\"index, follow, max-snippet:-1, max-image-preview:large, max-video-preview:-1\" \/>\n<link rel=\"canonical\" href=\"https:\/\/emergencias123.com.py\/?page_id=126\" \/>\n<meta property=\"og:locale\" content=\"es_ES\" \/>\n<meta property=\"og:type\" content=\"article\" \/>\n<meta property=\"og:title\" content=\"Quienes Somos - Emergencias 123\" \/>\n<meta property=\"og:description\" content=\"Quienes Somos Emergencias123 EAS, empresa que brinda servicios de coberturas medicas. Bajo la diligencia del TEM Blas Franco en sus inicios.Desde entonces nos hemos dedicado a la especializaci\u00f3n para brindar asistencias en urgencias y emergencias con calidad y calidez Con m\u00e1s de dos d\u00e9cadas de experiencia, hemos construido una s\u00f3lida reputaci\u00f3n basada en la eficiencia [&hellip;]\" \/>\n<meta property=\"og:url\" content=\"https:\/\/emergencias123.com.py\/?page_id=126\" \/>\n<meta property=\"og:site_name\" content=\"Emergencias 123\" \/>\n<meta property=\"article:modified_time\" content=\"2025-10-16T16:35:09+00:00\" \/>\n<meta property=\"og:image\" content=\"https:\/\/emergencias123.com.py\/wp-content\/uploads\/2025\/10\/WhatsApp-Image-2025-09-02-at-5.39.07-PM-1-scaled.jpeg\" \/>\n\t<meta property=\"og:image:width\" content=\"2560\" \/>\n\t<meta property=\"og:image:height\" content=\"1928\" \/>\n\t<meta property=\"og:image:type\" content=\"image\/jpeg\" \/>\n<meta name=\"twitter:card\" content=\"summary_large_image\" \/>\n<meta name=\"twitter:label1\" content=\"Tiempo de lectura\" \/>\n\t<meta name=\"twitter:data1\" content=\"2 minutos\" \/>\n<script type=\"application\/ld+json\" class=\"yoast-schema-graph\">{\"@context\":\"https:\/\/schema.org\",\"@graph\":[{\"@type\":\"WebPage\",\"@id\":\"https:\/\/emergencias123.com.py\/?page_id=126\",\"url\":\"https:\/\/emergencias123.com.py\/?page_id=126\",\"name\":\"Quienes Somos - Emergencias 123\",\"isPartOf\":{\"@id\":\"https:\/\/emergencias123.com.py\/#website\"},\"primaryImageOfPage\":{\"@id\":\"https:\/\/emergencias123.com.py\/?page_id=126#primaryimage\"},\"image\":{\"@id\":\"https:\/\/emergencias123.com.py\/?page_id=126#primaryimage\"},\"thumbnailUrl\":\"https:\/\/emergencias123.com.py\/wp-content\/uploads\/2025\/10\/WhatsApp-Image-2025-09-02-at-5.39.07-PM-1-1024x771.jpeg\",\"datePublished\":\"2025-10-06T13:06:59+00:00\",\"dateModified\":\"2025-10-16T16:35:09+00:00\",\"breadcrumb\":{\"@id\":\"https:\/\/emergencias123.com.py\/?page_id=126#breadcrumb\"},\"inLanguage\":\"es\",\"potentialAction\":[{\"@type\":\"ReadAction\",\"target\":[\"https:\/\/emergencias123.com.py\/?page_id=126\"]}]},{\"@type\":\"ImageObject\",\"inLanguage\":\"es\",\"@id\":\"https:\/\/emergencias123.com.py\/?page_id=126#primaryimage\",\"url\":\"https:\/\/emergencias123.com.py\/wp-content\/uploads\/2025\/10\/WhatsApp-Image-2025-09-02-at-5.39.07-PM-1-scaled.jpeg\",\"contentUrl\":\"https:\/\/emergencias123.com.py\/wp-content\/uploads\/2025\/10\/WhatsApp-Image-2025-09-02-at-5.39.07-PM-1-scaled.jpeg\",\"width\":2560,\"height\":1928},{\"@type\":\"BreadcrumbList\",\"@id\":\"https:\/\/emergencias123.com.py\/?page_id=126#breadcrumb\",\"itemListElement\":[{\"@type\":\"ListItem\",\"position\":1,\"name\":\"Portada\",\"item\":\"https:\/\/emergencias123.com.py\/\"},{\"@type\":\"ListItem\",\"position\":2,\"name\":\"Quienes Somos\"}]},{\"@type\":\"WebSite\",\"@id\":\"https:\/\/emergencias123.com.py\/#website\",\"url\":\"https:\/\/emergencias123.com.py\/\",\"name\":\"Emergencias 123\",\"description\":\"&quot;Estamos presentes, somo tu mejor apoyo&quot;\",\"publisher\":{\"@id\":\"https:\/\/emergencias123.com.py\/#organization\"},\"potentialAction\":[{\"@type\":\"SearchAction\",\"target\":{\"@type\":\"EntryPoint\",\"urlTemplate\":\"https:\/\/emergencias123.com.py\/?s={search_term_string}\"},\"query-input\":{\"@type\":\"PropertyValueSpecification\",\"valueRequired\":true,\"valueName\":\"search_term_string\"}}],\"inLanguage\":\"es\"},{\"@type\":\"Organization\",\"@id\":\"https:\/\/emergencias123.com.py\/#organization\",\"name\":\"Emergencias 123\",\"url\":\"https:\/\/emergencias123.com.py\/\",\"logo\":{\"@type\":\"ImageObject\",\"inLanguage\":\"es\",\"@id\":\"https:\/\/emergencias123.com.py\/#\/schema\/logo\/image\/\",\"url\":\"https:\/\/emergencias123.com.py\/wp-content\/uploads\/2025\/10\/cropped-my-image-1.png\",\"contentUrl\":\"https:\/\/emergencias123.com.py\/wp-content\/uploads\/2025\/10\/cropped-my-image-1.png\",\"width\":389,\"height\":378,\"caption\":\"Emergencias 123\"},\"image\":{\"@id\":\"https:\/\/emergencias123.com.py\/#\/schema\/logo\/image\/\"}}]}<\/script>\n<!-- \/ Yoast SEO plugin. -->","yoast_head_json":{"title":"Quienes Somos - Emergencias 123","robots":{"index":"index","follow":"follow","max-snippet":"max-snippet:-1","max-image-preview":"max-image-preview:large","max-video-preview":"max-video-preview:-1"},"canonical":"https:\/\/emergencias123.com.py\/?page_id=126","og_locale":"es_ES","og_type":"article","og_title":"Quienes Somos - Emergencias 123","og_description":"Quienes Somos Emergencias123 EAS, empresa que brinda servicios de coberturas medicas. Bajo la diligencia del TEM Blas Franco en sus inicios.Desde entonces nos hemos dedicado a la especializaci\u00f3n para brindar asistencias en urgencias y emergencias con calidad y calidez Con m\u00e1s de dos d\u00e9cadas de experiencia, hemos construido una s\u00f3lida reputaci\u00f3n basada en la eficiencia [&hellip;]","og_url":"https:\/\/emergencias123.com.py\/?page_id=126","og_site_name":"Emergencias 123","article_modified_time":"2025-10-16T16:35:09+00:00","og_image":[{"width":2560,"height":1928,"url":"https:\/\/emergencias123.com.py\/wp-content\/uploads\/2025\/10\/WhatsApp-Image-2025-09-02-at-5.39.07-PM-1-scaled.jpeg","type":"image\/jpeg"}],"twitter_card":"summary_large_image","twitter_misc":{"Tiempo de lectura":"2 minutos"},"schema":{"@context":"https:\/\/schema.org","@graph":[{"@type":"WebPage","@id":"https:\/\/emergencias123.com.py\/?page_id=126","url":"https:\/\/emergencias123.com.py\/?page_id=126","name":"Quienes Somos - Emergencias 123","isPartOf":{"@id":"https:\/\/emergencias123.com.py\/#website"},"primaryImageOfPage":{"@id":"https:\/\/emergencias123.com.py\/?page_id=126#primaryimage"},"image":{"@id":"https:\/\/emergencias123.com.py\/?page_id=126#primaryimage"},"thumbnailUrl":"https:\/\/emergencias123.com.py\/wp-content\/uploads\/2025\/10\/WhatsApp-Image-2025-09-02-at-5.39.07-PM-1-1024x771.jpeg","datePublished":"2025-10-06T13:06:59+00:00","dateModified":"2025-10-16T16:35:09+00:00","breadcrumb":{"@id":"https:\/\/emergencias123.com.py\/?page_id=126#breadcrumb"},"inLanguage":"es","potentialAction":[{"@type":"ReadAction","target":["https:\/\/emergencias123.com.py\/?page_id=126"]}]},{"@type":"ImageObject","inLanguage":"es","@id":"https:\/\/emergencias123.com.py\/?page_id=126#primaryimage","url":"https:\/\/emergencias123.com.py\/wp-content\/uploads\/2025\/10\/WhatsApp-Image-2025-09-02-at-5.39.07-PM-1-scaled.jpeg","contentUrl":"https:\/\/emergencias123.com.py\/wp-content\/uploads\/2025\/10\/WhatsApp-Image-2025-09-02-at-5.39.07-PM-1-scaled.jpeg","width":2560,"height":1928},{"@type":"BreadcrumbList","@id":"https:\/\/emergencias123.com.py\/?page_id=126#breadcrumb","itemListElement":[{"@type":"ListItem","position":1,"name":"Portada","item":"https:\/\/emergencias123.com.py\/"},{"@type":"ListItem","position":2,"name":"Quienes Somos"}]},{"@type":"WebSite","@id":"https:\/\/emergencias123.com.py\/#website","url":"https:\/\/emergencias123.com.py\/","name":"Emergencias 123","description":"&quot;Estamos presentes, somo tu mejor apoyo&quot;","publisher":{"@id":"https:\/\/emergencias123.com.py\/#organization"},"potentialAction":[{"@type":"SearchAction","target":{"@type":"EntryPoint","urlTemplate":"https:\/\/emergencias123.com.py\/?s={search_term_string}"},"query-input":{"@type":"PropertyValueSpecification","valueRequired":true,"valueName":"search_term_string"}}],"inLanguage":"es"},{"@type":"Organization","@id":"https:\/\/emergencias123.com.py\/#organization","name":"Emergencias 123","url":"https:\/\/emergencias123.com.py\/","logo":{"@type":"ImageObject","inLanguage":"es","@id":"https:\/\/emergencias123.com.py\/#\/schema\/logo\/image\/","url":"https:\/\/emergencias123.com.py\/wp-content\/uploads\/2025\/10\/cropped-my-image-1.png","contentUrl":"https:\/\/emergencias123.com.py\/wp-content\/uploads\/2025\/10\/cropped-my-image-1.png","width":389,"height":378,"caption":"Emergencias 123"},"image":{"@id":"https:\/\/emergencias123.com.py\/#\/schema\/logo\/image\/"}}]}},"jetpack_sharing_enabled":true,"_links":{"self":[{"href":"https:\/\/emergencias123.com.py\/index.php?rest_route=\/wp\/v2\/pages\/126","targetHints":{"allow":["GET"]}}],"collection":[{"href":"https:\/\/emergencias123.com.py\/index.php?rest_route=\/wp\/v2\/pages"}],"about":[{"href":"https:\/\/emergencias123.com.py\/index.php?rest_route=\/wp\/v2\/types\/page"}],"author":[{"embeddable":true,"href":"https:\/\/emergencias123.com.py\/index.php?rest_route=\/wp\/v2\/users\/1"}],"replies":[{"embeddable":true,"href":"https:\/\/emergencias123.com.py\/index.php?rest_route=%2Fwp%2Fv2%2Fcomments&post=126"}],"version-history":[{"count":6,"href":"https:\/\/emergencias123.com.py\/index.php?rest_route=\/wp\/v2\/pages\/126\/revisions"}],"predecessor-version":[{"id":268,"href":"https:\/\/emergencias123.com.py\/index.php?rest_route=\/wp\/v2\/pages\/126\/revisions\/268"}],"wp:attachment":[{"href":"https:\/\/emergencias123.com.py\/index.php?rest_route=%2Fwp%2Fv2%2Fmedia&parent=126"}],"curies":[{"name":"wp","href":"https:\/\/api.w.org\/{rel}","templated":true}]}}