{"id":147,"date":"2025-10-06T16:28:27","date_gmt":"2025-10-06T16:28:27","guid":{"rendered":"https:\/\/emergencias123.com.py\/?page_id=147"},"modified":"2025-10-08T18:38:36","modified_gmt":"2025-10-08T18:38:36","slug":"servicios","status":"publish","type":"page","link":"https:\/\/emergencias123.com.py\/?page_id=147","title":{"rendered":"Servicios"},"content":{"rendered":"\n<p><\/p>\n\n\n\n<div class=\"wp-block-columns is-layout-flex wp-container-core-columns-is-layout-28f84493 wp-block-columns-is-layout-flex\">\n<div class=\"wp-block-column is-layout-flow wp-block-column-is-layout-flow\">\n<figure class=\"wp-block-image size-large\"><img fetchpriority=\"high\" decoding=\"async\" width=\"1024\" height=\"724\" src=\"https:\/\/emergencias123.com.py\/wp-content\/uploads\/2025\/10\/ser7-1024x724.png\" alt=\"\" class=\"wp-image-208\" srcset=\"https:\/\/emergencias123.com.py\/wp-content\/uploads\/2025\/10\/ser7-1024x724.png 1024w, https:\/\/emergencias123.com.py\/wp-content\/uploads\/2025\/10\/ser7-300x212.png 300w, https:\/\/emergencias123.com.py\/wp-content\/uploads\/2025\/10\/ser7-768x543.png 768w, https:\/\/emergencias123.com.py\/wp-content\/uploads\/2025\/10\/ser7.png 1169w\" sizes=\"(max-width: 1024px) 100vw, 1024px\" \/><\/figure>\n\n\n\n<h3 class=\"wp-block-heading\">Hogar Protegido<\/h3>\n\n\n\n<p>Queremos que vos y tus seres queridos est\u00e9n protegidos las 24 horas del dia, por eso creamos nuestro Plan Familiar.<\/p>\n\n\n\n<div class=\"wp-block-buttons is-layout-flex wp-block-buttons-is-layout-flex\">\n<div class=\"wp-block-button is-style-primary\"><a class=\"wp-block-button__link wp-element-button\">LEER MAS<\/a><\/div>\n<\/div>\n\n\n\n<div style=\"height:30px\" aria-hidden=\"true\" class=\"wp-block-spacer\"><\/div>\n<\/div>\n\n\n\n<div class=\"wp-block-column is-layout-flow wp-block-column-is-layout-flow\">\n<figure class=\"wp-block-image size-large\"><img decoding=\"async\" width=\"1024\" height=\"724\" src=\"https:\/\/emergencias123.com.py\/wp-content\/uploads\/2025\/10\/ser1-1024x724.png\" alt=\"\" class=\"wp-image-181\" srcset=\"https:\/\/emergencias123.com.py\/wp-content\/uploads\/2025\/10\/ser1-1024x724.png 1024w, https:\/\/emergencias123.com.py\/wp-content\/uploads\/2025\/10\/ser1-300x212.png 300w, https:\/\/emergencias123.com.py\/wp-content\/uploads\/2025\/10\/ser1-768x543.png 768w, https:\/\/emergencias123.com.py\/wp-content\/uploads\/2025\/10\/ser1.png 1169w\" sizes=\"(max-width: 1024px) 100vw, 1024px\" \/><\/figure>\n\n\n\n<h3 class=\"wp-block-heading\">Enfermeria en el Lugar<\/h3>\n\n\n\n<p>Es el servicio de enfermeria permanente en su evento o empresa.<\/p>\n\n\n\n<div class=\"wp-block-buttons is-layout-flex wp-block-buttons-is-layout-flex\">\n<div class=\"wp-block-button is-style-primary\"><a class=\"wp-block-button__link wp-element-button\">LEER MAS<\/a><\/div>\n<\/div>\n\n\n\n<div style=\"height:30px\" aria-hidden=\"true\" class=\"wp-block-spacer\"><\/div>\n<\/div>\n<\/div>\n\n\n\n<div class=\"wp-block-columns is-layout-flex wp-container-core-columns-is-layout-28f84493 wp-block-columns-is-layout-flex\">\n<div class=\"wp-block-column is-layout-flow wp-block-column-is-layout-flow\">\n<figure class=\"wp-block-image size-large\"><img decoding=\"async\" src=\"https:\/\/emergencias123.com.py\/wp-content\/uploads\/2025\/10\/staff3-edited-1.jpeg\" alt=\"\" class=\"wp-image-210\"\/><\/figure>\n\n\n\n<h3 class=\"wp-block-heading\">Cobertura de Eventos<\/h3>\n\n\n\n<p>Atenci\u00f3n m\u00e9dica estra hospitalaria m\u00f3vil que birnda en el d\u00eda hora y lugar de su evento, para asistencia de emergencia, urgencias o consultas m\u00e9dicas.<\/p>\n\n\n\n<div class=\"wp-block-buttons is-layout-flex wp-block-buttons-is-layout-flex\">\n<div class=\"wp-block-button is-style-primary\"><a class=\"wp-block-button__link wp-element-button\">LEER MAS<\/a><\/div>\n<\/div>\n\n\n\n<div style=\"height:30px\" aria-hidden=\"true\" class=\"wp-block-spacer\"><\/div>\n<\/div>\n\n\n\n<div class=\"wp-block-column is-layout-flow wp-block-column-is-layout-flow\">\n<figure class=\"wp-block-image size-large\"><img decoding=\"async\" width=\"1024\" height=\"768\" src=\"https:\/\/emergencias123.com.py\/wp-content\/uploads\/2025\/10\/433-1024x768.jpeg\" alt=\"\" class=\"wp-image-193\" srcset=\"https:\/\/emergencias123.com.py\/wp-content\/uploads\/2025\/10\/433-1024x768.jpeg 1024w, https:\/\/emergencias123.com.py\/wp-content\/uploads\/2025\/10\/433-300x225.jpeg 300w, https:\/\/emergencias123.com.py\/wp-content\/uploads\/2025\/10\/433-768x576.jpeg 768w, https:\/\/emergencias123.com.py\/wp-content\/uploads\/2025\/10\/433-1536x1153.jpeg 1536w, https:\/\/emergencias123.com.py\/wp-content\/uploads\/2025\/10\/433.jpeg 1599w\" sizes=\"(max-width: 1024px) 100vw, 1024px\" \/><\/figure>\n\n\n\n<h3 class=\"wp-block-heading\">Inspecci\u00f3n Medica<\/h3>\n\n\n\n<p>Permite valorar el estado de salud general del paciente. Detectay estadifica el riesgo de  enfermeddes o lesiones.<\/p>\n\n\n\n<div class=\"wp-block-buttons is-layout-flex wp-block-buttons-is-layout-flex\">\n<div class=\"wp-block-button is-style-primary\"><a class=\"wp-block-button__link wp-element-button\">LEER MAS<\/a><\/div>\n<\/div>\n\n\n\n<div style=\"height:30px\" aria-hidden=\"true\" class=\"wp-block-spacer\"><\/div>\n<\/div>\n\n\n\n<div class=\"wp-block-column is-layout-flow wp-block-column-is-layout-flow\">\n<figure class=\"wp-block-image size-large\"><img loading=\"lazy\" decoding=\"async\" width=\"1024\" height=\"768\" src=\"https:\/\/emergencias123.com.py\/wp-content\/uploads\/2025\/10\/WhatsApp-Image-2025-10-07-at-3.24.44-PM-1024x768.jpeg\" alt=\"\" class=\"wp-image-205\" srcset=\"https:\/\/emergencias123.com.py\/wp-content\/uploads\/2025\/10\/WhatsApp-Image-2025-10-07-at-3.24.44-PM-1024x768.jpeg 1024w, https:\/\/emergencias123.com.py\/wp-content\/uploads\/2025\/10\/WhatsApp-Image-2025-10-07-at-3.24.44-PM-300x225.jpeg 300w, https:\/\/emergencias123.com.py\/wp-content\/uploads\/2025\/10\/WhatsApp-Image-2025-10-07-at-3.24.44-PM-768x576.jpeg 768w, https:\/\/emergencias123.com.py\/wp-content\/uploads\/2025\/10\/WhatsApp-Image-2025-10-07-at-3.24.44-PM-1536x1153.jpeg 1536w, https:\/\/emergencias123.com.py\/wp-content\/uploads\/2025\/10\/WhatsApp-Image-2025-10-07-at-3.24.44-PM.jpeg 1599w\" sizes=\"(max-width: 1024px) 100vw, 1024px\" \/><\/figure>\n\n\n\n<h3 class=\"wp-block-heading\"> Medicina Laboral<\/h3>\n\n\n\n<p><strong><em>EMPRESAS &#8211; INDUSTRIAS &#8211; CONTRUCTORAS <\/em><\/strong>Examenes Pre ocupacionales, Examenes rutinario, Examenes Post Ocupacionales.<\/p>\n\n\n\n<div class=\"wp-block-buttons is-layout-flex wp-block-buttons-is-layout-flex\">\n<div class=\"wp-block-button is-style-primary\"><a class=\"wp-block-button__link wp-element-button\">LEER MAS<\/a><\/div>\n<\/div>\n\n\n\n<div style=\"height:30px\" aria-hidden=\"true\" class=\"wp-block-spacer\"><\/div>\n<\/div>\n<\/div>\n\n\n\n<div class=\"wp-block-group is-layout-flow wp-block-group-is-layout-flow\">\n<div class=\"wp-block-columns is-layout-flex wp-container-core-columns-is-layout-28f84493 wp-block-columns-is-layout-flex\">\n<div class=\"wp-block-column is-layout-flow wp-block-column-is-layout-flow\" style=\"flex-basis:66.66%\">\n<h2 class=\"wp-block-heading\">\u00abEl mejor servicio Pre-Hospitalario\u00bb<\/h2>\n<\/div>\n<\/div>\n\n\n\n<figure class=\"wp-block-gallery has-nested-images columns-4 is-cropped wp-block-gallery-1 is-layout-flex wp-block-gallery-is-layout-flex\">\n<figure class=\"wp-block-image size-large\"><img loading=\"lazy\" decoding=\"async\" width=\"1024\" height=\"768\" data-id=\"200\" src=\"https:\/\/emergencias123.com.py\/wp-content\/uploads\/2025\/10\/equipo-1024x768.jpeg\" alt=\"\" class=\"wp-image-200\" srcset=\"https:\/\/emergencias123.com.py\/wp-content\/uploads\/2025\/10\/equipo-1024x768.jpeg 1024w, https:\/\/emergencias123.com.py\/wp-content\/uploads\/2025\/10\/equipo-300x225.jpeg 300w, https:\/\/emergencias123.com.py\/wp-content\/uploads\/2025\/10\/equipo-768x576.jpeg 768w, https:\/\/emergencias123.com.py\/wp-content\/uploads\/2025\/10\/equipo-1536x1153.jpeg 1536w, https:\/\/emergencias123.com.py\/wp-content\/uploads\/2025\/10\/equipo.jpeg 1599w\" sizes=\"(max-width: 1024px) 100vw, 1024px\" \/><\/figure>\n\n\n\n<figure class=\"wp-block-image size-large\"><img loading=\"lazy\" decoding=\"async\" width=\"1024\" height=\"771\" data-id=\"195\" src=\"https:\/\/emergencias123.com.py\/wp-content\/uploads\/2025\/10\/ambu2-1024x771.jpeg\" alt=\"\" class=\"wp-image-195\" srcset=\"https:\/\/emergencias123.com.py\/wp-content\/uploads\/2025\/10\/ambu2-1024x771.jpeg 1024w, https:\/\/emergencias123.com.py\/wp-content\/uploads\/2025\/10\/ambu2-300x226.jpeg 300w, https:\/\/emergencias123.com.py\/wp-content\/uploads\/2025\/10\/ambu2-768x578.jpeg 768w, https:\/\/emergencias123.com.py\/wp-content\/uploads\/2025\/10\/ambu2-1536x1157.jpeg 1536w, https:\/\/emergencias123.com.py\/wp-content\/uploads\/2025\/10\/ambu2-2048x1542.jpeg 2048w\" sizes=\"(max-width: 1024px) 100vw, 1024px\" \/><\/figure>\n\n\n\n<figure class=\"wp-block-image size-large\"><img loading=\"lazy\" decoding=\"async\" width=\"768\" height=\"1024\" data-id=\"29\" src=\"https:\/\/emergencias123.com.py\/wp-content\/uploads\/2025\/10\/c7-768x1024.jpeg\" alt=\"\" class=\"wp-image-29\" srcset=\"https:\/\/emergencias123.com.py\/wp-content\/uploads\/2025\/10\/c7-768x1024.jpeg 768w, https:\/\/emergencias123.com.py\/wp-content\/uploads\/2025\/10\/c7-225x300.jpeg 225w, https:\/\/emergencias123.com.py\/wp-content\/uploads\/2025\/10\/c7-1152x1536.jpeg 1152w, https:\/\/emergencias123.com.py\/wp-content\/uploads\/2025\/10\/c7-1536x2048.jpeg 1536w, https:\/\/emergencias123.com.py\/wp-content\/uploads\/2025\/10\/c7-scaled.jpeg 1920w\" sizes=\"(max-width: 768px) 100vw, 768px\" \/><\/figure>\n\n\n\n<figure class=\"wp-block-image size-large\"><img loading=\"lazy\" decoding=\"async\" width=\"1024\" height=\"769\" data-id=\"26\" src=\"https:\/\/emergencias123.com.py\/wp-content\/uploads\/2025\/10\/549434847_122112778886991024_7486892209536802653_n-1-1024x769.jpg\" alt=\"\" class=\"wp-image-26\" srcset=\"https:\/\/emergencias123.com.py\/wp-content\/uploads\/2025\/10\/549434847_122112778886991024_7486892209536802653_n-1-1024x769.jpg 1024w, https:\/\/emergencias123.com.py\/wp-content\/uploads\/2025\/10\/549434847_122112778886991024_7486892209536802653_n-1-300x225.jpg 300w, https:\/\/emergencias123.com.py\/wp-content\/uploads\/2025\/10\/549434847_122112778886991024_7486892209536802653_n-1-768x576.jpg 768w, https:\/\/emergencias123.com.py\/wp-content\/uploads\/2025\/10\/549434847_122112778886991024_7486892209536802653_n-1-1536x1153.jpg 1536w, https:\/\/emergencias123.com.py\/wp-content\/uploads\/2025\/10\/549434847_122112778886991024_7486892209536802653_n-1.jpg 1600w\" sizes=\"(max-width: 1024px) 100vw, 1024px\" \/><\/figure>\n<\/figure>\n<\/div>\n\n\n\n<p><\/p>\n","protected":false},"excerpt":{"rendered":"<p>Hogar Protegido Queremos que vos y tus seres queridos est\u00e9n protegidos las 24 horas del dia, por eso creamos nuestro Plan Familiar. Enfermeria en el Lugar Es el servicio de enfermeria permanente en su evento o empresa. Cobertura de Eventos Atenci\u00f3n m\u00e9dica estra hospitalaria m\u00f3vil que birnda en el d\u00eda hora y lugar de su [&hellip;]<\/p>\n","protected":false},"author":1,"featured_media":0,"parent":0,"menu_order":0,"comment_status":"closed","ping_status":"closed","template":"","meta":{"footnotes":""},"class_list":["post-147","page","type-page","status-publish","hentry"],"yoast_head":"<!-- This site is optimized with the Yoast SEO plugin v26.0 - https:\/\/yoast.com\/wordpress\/plugins\/seo\/ -->\n<title>Servicios - Emergencias 123<\/title>\n<meta name=\"robots\" content=\"index, follow, max-snippet:-1, max-image-preview:large, max-video-preview:-1\" \/>\n<link rel=\"canonical\" href=\"https:\/\/emergencias123.com.py\/?page_id=147\" \/>\n<meta property=\"og:locale\" content=\"es_ES\" \/>\n<meta property=\"og:type\" content=\"article\" \/>\n<meta property=\"og:title\" content=\"Servicios - Emergencias 123\" \/>\n<meta property=\"og:description\" content=\"Hogar Protegido Queremos que vos y tus seres queridos est\u00e9n protegidos las 24 horas del dia, por eso creamos nuestro Plan Familiar. Enfermeria en el Lugar Es el servicio de enfermeria permanente en su evento o empresa. Cobertura de Eventos Atenci\u00f3n m\u00e9dica estra hospitalaria m\u00f3vil que birnda en el d\u00eda hora y lugar de su [&hellip;]\" \/>\n<meta property=\"og:url\" content=\"https:\/\/emergencias123.com.py\/?page_id=147\" \/>\n<meta property=\"og:site_name\" content=\"Emergencias 123\" \/>\n<meta property=\"article:modified_time\" content=\"2025-10-08T18:38:36+00:00\" \/>\n<meta property=\"og:image\" content=\"https:\/\/emergencias123.com.py\/wp-content\/uploads\/2025\/10\/ser7.png\" \/>\n\t<meta property=\"og:image:width\" content=\"1169\" \/>\n\t<meta property=\"og:image:height\" content=\"826\" \/>\n\t<meta property=\"og:image:type\" content=\"image\/png\" \/>\n<meta name=\"twitter:card\" content=\"summary_large_image\" \/>\n<meta name=\"twitter:label1\" content=\"Tiempo de lectura\" \/>\n\t<meta name=\"twitter:data1\" content=\"3 minutos\" \/>\n<script type=\"application\/ld+json\" class=\"yoast-schema-graph\">{\"@context\":\"https:\/\/schema.org\",\"@graph\":[{\"@type\":\"WebPage\",\"@id\":\"https:\/\/emergencias123.com.py\/?page_id=147\",\"url\":\"https:\/\/emergencias123.com.py\/?page_id=147\",\"name\":\"Servicios - Emergencias 123\",\"isPartOf\":{\"@id\":\"https:\/\/emergencias123.com.py\/#website\"},\"primaryImageOfPage\":{\"@id\":\"https:\/\/emergencias123.com.py\/?page_id=147#primaryimage\"},\"image\":{\"@id\":\"https:\/\/emergencias123.com.py\/?page_id=147#primaryimage\"},\"thumbnailUrl\":\"https:\/\/emergencias123.com.py\/wp-content\/uploads\/2025\/10\/ser7-1024x724.png\",\"datePublished\":\"2025-10-06T16:28:27+00:00\",\"dateModified\":\"2025-10-08T18:38:36+00:00\",\"breadcrumb\":{\"@id\":\"https:\/\/emergencias123.com.py\/?page_id=147#breadcrumb\"},\"inLanguage\":\"es\",\"potentialAction\":[{\"@type\":\"ReadAction\",\"target\":[\"https:\/\/emergencias123.com.py\/?page_id=147\"]}]},{\"@type\":\"ImageObject\",\"inLanguage\":\"es\",\"@id\":\"https:\/\/emergencias123.com.py\/?page_id=147#primaryimage\",\"url\":\"https:\/\/emergencias123.com.py\/wp-content\/uploads\/2025\/10\/ser7.png\",\"contentUrl\":\"https:\/\/emergencias123.com.py\/wp-content\/uploads\/2025\/10\/ser7.png\",\"width\":1169,\"height\":826},{\"@type\":\"BreadcrumbList\",\"@id\":\"https:\/\/emergencias123.com.py\/?page_id=147#breadcrumb\",\"itemListElement\":[{\"@type\":\"ListItem\",\"position\":1,\"name\":\"Portada\",\"item\":\"https:\/\/emergencias123.com.py\/\"},{\"@type\":\"ListItem\",\"position\":2,\"name\":\"Servicios\"}]},{\"@type\":\"WebSite\",\"@id\":\"https:\/\/emergencias123.com.py\/#website\",\"url\":\"https:\/\/emergencias123.com.py\/\",\"name\":\"Emergencias 123\",\"description\":\"&quot;Estamos presentes, somo tu mejor apoyo&quot;\",\"publisher\":{\"@id\":\"https:\/\/emergencias123.com.py\/#organization\"},\"potentialAction\":[{\"@type\":\"SearchAction\",\"target\":{\"@type\":\"EntryPoint\",\"urlTemplate\":\"https:\/\/emergencias123.com.py\/?s={search_term_string}\"},\"query-input\":{\"@type\":\"PropertyValueSpecification\",\"valueRequired\":true,\"valueName\":\"search_term_string\"}}],\"inLanguage\":\"es\"},{\"@type\":\"Organization\",\"@id\":\"https:\/\/emergencias123.com.py\/#organization\",\"name\":\"Emergencias 123\",\"url\":\"https:\/\/emergencias123.com.py\/\",\"logo\":{\"@type\":\"ImageObject\",\"inLanguage\":\"es\",\"@id\":\"https:\/\/emergencias123.com.py\/#\/schema\/logo\/image\/\",\"url\":\"https:\/\/emergencias123.com.py\/wp-content\/uploads\/2025\/10\/cropped-my-image-1.png\",\"contentUrl\":\"https:\/\/emergencias123.com.py\/wp-content\/uploads\/2025\/10\/cropped-my-image-1.png\",\"width\":389,\"height\":378,\"caption\":\"Emergencias 123\"},\"image\":{\"@id\":\"https:\/\/emergencias123.com.py\/#\/schema\/logo\/image\/\"}}]}<\/script>\n<!-- \/ Yoast SEO plugin. -->","yoast_head_json":{"title":"Servicios - Emergencias 123","robots":{"index":"index","follow":"follow","max-snippet":"max-snippet:-1","max-image-preview":"max-image-preview:large","max-video-preview":"max-video-preview:-1"},"canonical":"https:\/\/emergencias123.com.py\/?page_id=147","og_locale":"es_ES","og_type":"article","og_title":"Servicios - Emergencias 123","og_description":"Hogar Protegido Queremos que vos y tus seres queridos est\u00e9n protegidos las 24 horas del dia, por eso creamos nuestro Plan Familiar. Enfermeria en el Lugar Es el servicio de enfermeria permanente en su evento o empresa. Cobertura de Eventos Atenci\u00f3n m\u00e9dica estra hospitalaria m\u00f3vil que birnda en el d\u00eda hora y lugar de su [&hellip;]","og_url":"https:\/\/emergencias123.com.py\/?page_id=147","og_site_name":"Emergencias 123","article_modified_time":"2025-10-08T18:38:36+00:00","og_image":[{"width":1169,"height":826,"url":"https:\/\/emergencias123.com.py\/wp-content\/uploads\/2025\/10\/ser7.png","type":"image\/png"}],"twitter_card":"summary_large_image","twitter_misc":{"Tiempo de lectura":"3 minutos"},"schema":{"@context":"https:\/\/schema.org","@graph":[{"@type":"WebPage","@id":"https:\/\/emergencias123.com.py\/?page_id=147","url":"https:\/\/emergencias123.com.py\/?page_id=147","name":"Servicios - Emergencias 123","isPartOf":{"@id":"https:\/\/emergencias123.com.py\/#website"},"primaryImageOfPage":{"@id":"https:\/\/emergencias123.com.py\/?page_id=147#primaryimage"},"image":{"@id":"https:\/\/emergencias123.com.py\/?page_id=147#primaryimage"},"thumbnailUrl":"https:\/\/emergencias123.com.py\/wp-content\/uploads\/2025\/10\/ser7-1024x724.png","datePublished":"2025-10-06T16:28:27+00:00","dateModified":"2025-10-08T18:38:36+00:00","breadcrumb":{"@id":"https:\/\/emergencias123.com.py\/?page_id=147#breadcrumb"},"inLanguage":"es","potentialAction":[{"@type":"ReadAction","target":["https:\/\/emergencias123.com.py\/?page_id=147"]}]},{"@type":"ImageObject","inLanguage":"es","@id":"https:\/\/emergencias123.com.py\/?page_id=147#primaryimage","url":"https:\/\/emergencias123.com.py\/wp-content\/uploads\/2025\/10\/ser7.png","contentUrl":"https:\/\/emergencias123.com.py\/wp-content\/uploads\/2025\/10\/ser7.png","width":1169,"height":826},{"@type":"BreadcrumbList","@id":"https:\/\/emergencias123.com.py\/?page_id=147#breadcrumb","itemListElement":[{"@type":"ListItem","position":1,"name":"Portada","item":"https:\/\/emergencias123.com.py\/"},{"@type":"ListItem","position":2,"name":"Servicios"}]},{"@type":"WebSite","@id":"https:\/\/emergencias123.com.py\/#website","url":"https:\/\/emergencias123.com.py\/","name":"Emergencias 123","description":"&quot;Estamos presentes, somo tu mejor apoyo&quot;","publisher":{"@id":"https:\/\/emergencias123.com.py\/#organization"},"potentialAction":[{"@type":"SearchAction","target":{"@type":"EntryPoint","urlTemplate":"https:\/\/emergencias123.com.py\/?s={search_term_string}"},"query-input":{"@type":"PropertyValueSpecification","valueRequired":true,"valueName":"search_term_string"}}],"inLanguage":"es"},{"@type":"Organization","@id":"https:\/\/emergencias123.com.py\/#organization","name":"Emergencias 123","url":"https:\/\/emergencias123.com.py\/","logo":{"@type":"ImageObject","inLanguage":"es","@id":"https:\/\/emergencias123.com.py\/#\/schema\/logo\/image\/","url":"https:\/\/emergencias123.com.py\/wp-content\/uploads\/2025\/10\/cropped-my-image-1.png","contentUrl":"https:\/\/emergencias123.com.py\/wp-content\/uploads\/2025\/10\/cropped-my-image-1.png","width":389,"height":378,"caption":"Emergencias 123"},"image":{"@id":"https:\/\/emergencias123.com.py\/#\/schema\/logo\/image\/"}}]}},"jetpack_sharing_enabled":true,"_links":{"self":[{"href":"https:\/\/emergencias123.com.py\/index.php?rest_route=\/wp\/v2\/pages\/147","targetHints":{"allow":["GET"]}}],"collection":[{"href":"https:\/\/emergencias123.com.py\/index.php?rest_route=\/wp\/v2\/pages"}],"about":[{"href":"https:\/\/emergencias123.com.py\/index.php?rest_route=\/wp\/v2\/types\/page"}],"author":[{"embeddable":true,"href":"https:\/\/emergencias123.com.py\/index.php?rest_route=\/wp\/v2\/users\/1"}],"replies":[{"embeddable":true,"href":"https:\/\/emergencias123.com.py\/index.php?rest_route=%2Fwp%2Fv2%2Fcomments&post=147"}],"version-history":[{"count":8,"href":"https:\/\/emergencias123.com.py\/index.php?rest_route=\/wp\/v2\/pages\/147\/revisions"}],"predecessor-version":[{"id":222,"href":"https:\/\/emergencias123.com.py\/index.php?rest_route=\/wp\/v2\/pages\/147\/revisions\/222"}],"wp:attachment":[{"href":"https:\/\/emergencias123.com.py\/index.php?rest_route=%2Fwp%2Fv2%2Fmedia&parent=147"}],"curies":[{"name":"wp","href":"https:\/\/api.w.org\/{rel}","templated":true}]}}